{"id":123,"date":"2020-11-17T18:42:03","date_gmt":"2020-11-17T15:42:03","guid":{"rendered":"https:\/\/trcjha.com\/?page_id=123"},"modified":"2024-04-23T12:14:41","modified_gmt":"2024-04-23T09:14:41","slug":"amac-ve-kapsam","status":"publish","type":"page","link":"https:\/\/trcjha.com\/tr\/amac-ve-kapsam\/","title":{"rendered":"Ama\u00e7 ve Kapsam"},"content":{"rendered":"\n<p><strong>TRC Journal of Humanitarian Action<\/strong> <strong>(TRCJHA)<\/strong>; ba\u011f\u0131ms\u0131z, tarafs\u0131z ve k\u00f6r hakemlik ilkelerine uygun olarak yay\u0131mlanan uluslararas\u0131, bilimsel, matbu ve a\u00e7\u0131k eri\u015fimli bir dergidir. Dergi, <a href=\"https:\/\/www.kizilay.org.tr\" data-type=\"URL\" data-id=\"https:\/\/www.kizilay.org.tr\" target=\"_blank\" rel=\"noreferrer noopener\">T\u00fcrk K\u0131z\u0131lay<\/a>\u2019\u0131n\u0131n resm\u00ee yay\u0131m\u0131 olup y\u0131lda iki kez Nisan ve Ekim aylar\u0131nda yay\u0131mlanmaktad\u0131r. Derginin yay\u0131m dili \u0130ngilizcedir. Bununla birlikte yay\u0131mlanan her bir yaz\u0131n\u0131n T\u00fcrk\u00e7e geni\u015f \u00f6zeti, dergi taraf\u0131ndan haz\u0131rlan\u0131r web sitesinden payla\u015f\u0131l\u0131r.<\/p>\n\n\n\n<p>Derginin temel amac\u0131&nbsp;<strong>afet ve insanc\u0131l eylemler alanlar\u0131nda<\/strong>&nbsp;nitelikli yay\u0131mlar \u00fcreterek bilimsel bir forum olu\u015fturmak; b\u00f6ylece ilgili&nbsp;alanyaz\u0131na&nbsp;katk\u0131da bulunmakt\u0131r. Dergi ayr\u0131ca en g\u00fcncel ve \u00f6zg\u00fcn \u00e7al\u0131\u015fmalar\u0131 yay\u0131mlayarak s\u00f6z konusu alanlarda ulusal ve uluslararas\u0131 politikalar\u0131n \u015fekillenmesine katk\u0131da bulunmay\u0131 ama\u00e7lamaktad\u0131r.<\/p>\n\n\n\n<p>Dergide a\u015fa\u011f\u0131daki konular\u0131 kapsayan \u00e7al\u0131\u015fmalara \u00f6ncelikli olarak yer verilecektir fakat bu konular\u0131n d\u0131\u015f\u0131nda olup afet ve insani eylemler alanlar\u0131yla ili\u015fkili \u00e7al\u0131\u015fmalar da de\u011ferlendirmeye al\u0131nacakt\u0131r. <\/p>\n\n\n\n<ul class=\"wp-block-list\">\n<li>acil bak\u0131m\u00a0<\/li>\n\n\n\n<li>acil lojisti\u011fi\u00a0\u00a0<\/li>\n\n\n\n<li>afet lojisti\u011fi\u00a0<\/li>\n\n\n\n<li>afet sonras\u0131 iyile\u015ftirme <\/li>\n\n\n\n<li>afetleri \u00f6nleme ve zarar azaltma<\/li>\n\n\n\n<li>\u00e7at\u0131\u015fma y\u00f6netimi ve \u00e7\u00f6z\u00fcm\u00fc\u00a0<\/li>\n\n\n\n<li>dayan\u0131kl\u0131l\u0131k\u00a0<\/li>\n\n\n\n<li>do\u011fal veya insan kaynakl\u0131 afetler\u00a0<\/li>\n\n\n\n<li>g\u00f6\u00e7ler ve tepkiler\u00a0<\/li>\n\n\n\n<li>insanc\u0131l eylemler\u00a0\u00a0<\/li>\n\n\n\n<li>insani koruma\u00a0<\/li>\n\n\n\n<li>insani yard\u0131m eti\u011fi\u00a0<\/li>\n\n\n\n<li>insani yard\u0131m\u00a0finansman\u0131\u00a0<\/li>\n\n\n\n<li>insani yard\u0131m lojisti\u011fi\u00a0<\/li>\n\n\n\n<li>insani yard\u0131m teknolojisi\u00a0<\/li>\n\n\n\n<li>insani yard\u0131m y\u00f6netimi\u00a0<\/li>\n\n\n\n<li>kentsel geli\u015fim\u00a0\u00a0<\/li>\n\n\n\n<li>s\u00fcrd\u00fcr\u00fclebilir kalk\u0131nma\u00a0<\/li>\n\n\n\n<li>tedarik zinciri y\u00f6netimi<\/li>\n\n\n\n<li>tehlike ve risk \u00e7al\u0131\u015fmalar\u0131\u00a0<\/li>\n\n\n\n<li>uluslararas\u0131 insani yard\u0131m hukuku\u00a0<\/li>\n<\/ul>\n\n\n\n<p>Hem disiplinleraras\u0131&nbsp;hem de \u00e7okdisiplinli bir dergi olan&nbsp;<strong>TRC Journal of Humanitarian Action<\/strong>;<strong>&nbsp;<\/strong>kapsam\u0131yla&nbsp;ili\u015fkili olmak kayd\u0131yla t\u00fcm disiplinlerden gelen ba\u015fvurular\u0131 de\u011ferlendirmeye al\u0131r.&nbsp;Bu yakla\u015f\u0131m\u0131yla Dergi; ampirik ara\u015ft\u0131rmalar\u0131, de\u011ferlendirmeleri,&nbsp;edit\u00f6ryal&nbsp;notlar\u0131, vaka analizlerini ve tarihi belgeleri yay\u0131mlar.<\/p>\n","protected":false},"excerpt":{"rendered":"<p>TRC Journal of Humanitarian Action (TRCJHA); ba\u011f\u0131ms\u0131z, tarafs\u0131z ve k\u00f6r hakemlik ilkelerine uygun olarak yay\u0131mlanan uluslararas\u0131, bilimsel, matbu ve a\u00e7\u0131k eri\u015fimli bir dergidir. Dergi, T\u00fcrk K\u0131z\u0131lay\u2019\u0131n\u0131n resm\u00ee yay\u0131m\u0131 olup y\u0131lda iki kez Nisan ve Ekim aylar\u0131nda yay\u0131mlanmaktad\u0131r. Derginin yay\u0131m dili \u0130ngilizcedir. Bununla birlikte yay\u0131mlanan her bir yaz\u0131n\u0131n T\u00fcrk\u00e7e geni\u015f \u00f6zeti, dergi taraf\u0131ndan haz\u0131rlan\u0131r web sitesinden [&hellip;]<\/p>\n","protected":false},"author":1,"featured_media":0,"parent":0,"menu_order":0,"comment_status":"closed","ping_status":"closed","template":"","meta":{"_acf_changed":false,"footnotes":""},"class_list":["post-123","page","type-page","status-publish","hentry"],"acf":[],"_links":{"self":[{"href":"https:\/\/trcjha.com\/tr\/wp-json\/wp\/v2\/pages\/123","targetHints":{"allow":["GET"]}}],"collection":[{"href":"https:\/\/trcjha.com\/tr\/wp-json\/wp\/v2\/pages"}],"about":[{"href":"https:\/\/trcjha.com\/tr\/wp-json\/wp\/v2\/types\/page"}],"author":[{"embeddable":true,"href":"https:\/\/trcjha.com\/tr\/wp-json\/wp\/v2\/users\/1"}],"replies":[{"embeddable":true,"href":"https:\/\/trcjha.com\/tr\/wp-json\/wp\/v2\/comments?post=123"}],"version-history":[{"count":11,"href":"https:\/\/trcjha.com\/tr\/wp-json\/wp\/v2\/pages\/123\/revisions"}],"predecessor-version":[{"id":1430,"href":"https:\/\/trcjha.com\/tr\/wp-json\/wp\/v2\/pages\/123\/revisions\/1430"}],"wp:attachment":[{"href":"https:\/\/trcjha.com\/tr\/wp-json\/wp\/v2\/media?parent=123"}],"curies":[{"name":"wp","href":"https:\/\/api.w.org\/{rel}","templated":true}]}}