{"id":609,"date":"2021-04-07T15:55:01","date_gmt":"2021-04-07T12:55:01","guid":{"rendered":"https:\/\/trcjha.com\/cfp-resiliency\/"},"modified":"2023-02-21T15:14:39","modified_gmt":"2023-02-21T12:14:39","slug":"yazi-cagrisi-direnclilik","status":"publish","type":"page","link":"https:\/\/trcjha.com\/tr\/yazi-cagrisi-direnclilik\/","title":{"rendered":"Yaz\u0131 \u00c7a\u011fr\u0131s\u0131-Topluluk Direnci"},"content":{"rendered":"\n<p><\/p>\n\n\n\n<h2 class=\"has-text-align-center has-vivid-red-color has-text-color wp-block-heading\">\u00d6zel Say\u0131<br><strong>Y\u0131k\u0131c\u0131 Do\u011fal Afetlere Kar\u015f\u0131 Topluluk Direnci<\/strong> \u00a0<\/h2>\n\n\n\n<p><strong>\u00d6zel Say\u0131 Edit\u00f6r\u00fc<\/strong><\/p>\n\n\n\n<p>Mehmet Hanefi Topal (Do\u00e7. Dr.)<br>K\u0131rklareli \u00dcniversitesi<\/p>\n\n\n\n<p><\/p>\n\n\n\n<p class=\"has-text-align-center has-vivid-cyan-blue-color has-text-color\"><strong><strong>Makale Son G\u00f6nderim Tarihi<\/strong><\/strong><br>30 Ekim 2023<\/p>\n\n\n\n<p><\/p>\n\n\n\n<p><em>TRC Journal of Humanitarian Action<\/em>&nbsp;olarak&nbsp;<strong>\u201cY\u0131k\u0131c\u0131 Do\u011fal Afetlere Kar\u015f\u0131 Topluluk Direnci\u201d<\/strong>&nbsp;ba\u015fl\u0131kl\u0131 \u00f6zel say\u0131m\u0131za makalelerinizi bekledi\u011fimizi duyurmaktan memnuniyet duyuyoruz.<\/p>\n\n\n\n<p>D\u00fcnya, do\u011fal afetler ile y\u00fczle\u015ftik\u00e7e diren\u00e7li topluluklar\u0131n nas\u0131l in\u015fa edilece\u011fi sorusu giderek daha da \u00f6nemli hale gelmektedir. Topluluk direnci, topluluklar\u0131n insan, do\u011fa ve teknoloji kaynakl\u0131 krizleri \u00f6ng\u00f6rme, bunlarla ba\u015fa \u00e7\u0131kma, bunlardan kurtulma ve bunlara uyum sa\u011flama yetene\u011fi \u015feklinde tan\u0131mlan\u0131r. Elbette y\u0131k\u0131c\u0131 etkilere sahip do\u011fal tehlikeler ka\u00e7\u0131n\u0131lmazd\u0131r. Ancak do\u011fal tehlikelerin y\u0131k\u0131c\u0131l\u0131\u011f\u0131n\u0131 azaltabilmek daha diren\u00e7li toplululuklar\u0131n in\u015fas\u0131 ile pek\u00e2l\u00e2 m\u00fcmk\u00fcnd\u00fcr.&nbsp;<\/p>\n\n\n\n<p>Kaynaklar\u0131n ve f\u0131rsatlar\u0131n k\u00fcresel da\u011f\u0131l\u0131m\u0131 adil de\u011fildir. Depremler, tropikal siklonlar, seller, heyelanlar, orman yang\u0131nlar\u0131 gibi bir\u00e7ok y\u0131k\u0131c\u0131 do\u011fal afetler, d\u00fcnyan\u0131n \u00e7o\u011fu yerinde toplumlar\u0131 dramatik sonu\u00e7lar\u0131yla tehdit etmeye devam etmektedir. \u00c7ok yak\u0131n zamanda T\u00fcrkiye\u2019de ya\u015fanan Kahramanmara\u015f merkezli \u00e7oklu deprem felaketleri on binlerce insan\u0131n \u00f6l\u00fcm\u00fcne ve milyarlarca dolarl\u0131k ekonomik kay\u0131plara neden olmu\u015ftur. Vatanda\u015flar ve bilim insanlar\u0131, -bunlarla s\u0131n\u0131rl\u0131 olmamakla beraber- hakl\u0131 olarak \u015fu sorular\u0131 sormaktad\u0131r: Toplumumuz deprem ba\u015fta olmak \u00fczere y\u0131k\u0131c\u0131 do\u011fal afetlere ne kadar diren\u00e7lidir? Afetlere haz\u0131rl\u0131k i\u00e7in diren\u00e7li toplum ve \u015fehirlerimizi nas\u0131l in\u015fa ederiz? Hangi s\u00fcre\u00e7ler ve mekanizmalar topluluklar\u0131n afetlere m\u00fcdahale etme kabiliyetini art\u0131rmaya katk\u0131da bulunur? Hangi yap\u0131sal ko\u015fullar topluluklar\u0131n afetlerin etkisini azaltmas\u0131n\u0131 m\u00fcmk\u00fcn k\u0131lar veya engeller? Y\u0131k\u0131c\u0131 do\u011fal afetlerle m\u00fccadele etmek i\u00e7in bilimsel ve pratik diren\u00e7lilik yakla\u015f\u0131mlar\u0131n\u0131 nas\u0131l kullanabiliriz? Toplumumuzun diren\u00e7lili\u011fini art\u0131rabilmek i\u00e7in ba\u015far\u0131l\u0131 d\u00fcnya uygulamalar\u0131ndan ne gibi dersler \u00e7\u0131karabiliriz?&nbsp;<\/p>\n\n\n\n<p>Bu \u00f6zel say\u0131, y\u0131k\u0131c\u0131 do\u011fal afetler kar\u015f\u0131s\u0131nda topluluk direncinin nas\u0131l in\u015fa edilebilece\u011fini ayd\u0131nlatabilmek amac\u0131yla faydal\u0131 topluluk direnci yakla\u015f\u0131mlar\u0131n\u0131 ve ba\u015far\u0131l\u0131 D\u00fcnya uygulamalar\u0131n\u0131n sonu\u00e7lar\u0131n\u0131 bir araya getirmeyi ama\u00e7lamaktad\u0131r. \u00d6zellikle y\u0131k\u0131c\u0131 do\u011fal afetlerin i\u015flevsellik kayb\u0131 ve iyile\u015fme s\u00fcreci a\u00e7\u0131s\u0131ndan bir toplulu\u011fun direnci \u00fczerindeki etkilerini, topluluk direnci modellemesinde belirsizlilerin \u00f6l\u00e7\u00fclmesini, y\u0131k\u0131c\u0131 do\u011fal afetlerin etkilerine kar\u015f\u0131 koymak i\u00e7in geli\u015ftirilmi\u015f diren\u00e7 yakla\u015f\u0131mlar\u0131n\u0131 ve topluluk direncini art\u0131rmaya y\u00f6nelik mevcut uygulamalardan \u00e7\u0131kar\u0131lan kritik dersleri tart\u0131\u015fan makaleler beklenmektedir.<\/p>\n\n\n\n<p>\u00d6zel say\u0131ya d\u00e2hil edilecek makalelerde a\u015fa\u011f\u0131daki konulara \u00f6ncelik tan\u0131nmakla beraber kabul edilecek konular bunlarla s\u0131n\u0131rl\u0131 de\u011fildir:&nbsp;<\/p>\n\n\n\n<ul class=\"wp-block-list\">\n<li>Topluluk direnci kavram\u0131, yakla\u015f\u0131mlar, modeller, \u00e7er\u00e7eveler ve toolkitler.&nbsp;<\/li>\n\n\n\n<li>Vatanda\u015f kat\u0131l\u0131ml\u0131 afet y\u00f6neti\u015fimi ve topluluk direnci<\/li>\n\n\n\n<li>Topluluk direncinin modellenmesinde belirsizliklerin \u00f6l\u00e7\u00fcm\u00fc;<\/li>\n\n\n\n<li>D\u00fcnyada ba\u015far\u0131l\u0131 olmu\u015f topluluk direnci yakla\u015f\u0131mlar\u0131 ve uygulamalar\u0131<\/li>\n\n\n\n<li>Afetlere haz\u0131rl\u0131k, ba\u015fa \u00e7\u0131kma ve toparlanma s\u00fcre\u00e7lerinde sosyal, ekonomik, siyasal ve k\u00fclt\u00fcrel fakt\u00f6rlerin rol\u00fc<\/li>\n\n\n\n<li>Do\u011fal afet sonras\u0131 topluluk i\u015flevlerinin iyile\u015ftirilme s\u00fcre\u00e7lerinin modellenmesi&nbsp;<\/li>\n\n\n\n<li>Yapay zek\u00e2 ve di\u011fer yeni teknolojilerin topluluk direncinde kullan\u0131m\u0131<\/li>\n\n\n\n<li>Sosyal uyum ve afet m\u00fcdahalesi<\/li>\n\n\n\n<li>Sosyal medya analiti\u011fi ve afet yard\u0131mlar\u0131n\u0131n koordinasyonu<\/li>\n\n\n\n<li>Erken uyar\u0131 sistemleri ve topluluk direnci<\/li>\n\n\n\n<li>Afet risk fark\u0131ndal\u0131\u011f\u0131 ve afetlere haz\u0131rl\u0131k<\/li>\n<\/ul>\n\n\n\n<p><\/p>\n\n\n\n<p><strong><strong>Ba\u015fvuru Detaylar\u0131<\/strong><\/strong><\/p>\n\n\n\n<p>B\u00fct\u00fcn ba\u015fvuru s\u00fcre\u00e7leri derginin makale takip sisteminden (<a href=\"https:\/\/mc04.manuscriptcentral.com\/trcjdha\" target=\"_blank\" rel=\"noreferrer noopener\">https:\/\/mc04.manuscriptcentral.com\/trcjdha<\/a>) y\u00fcr\u00fct\u00fclmektedir. <\/p>\n\n\n\n<p>\u00d6zel say\u0131 hakk\u0131nda detayl\u0131 bilgi i\u00e7in Say\u0131 edit\u00f6r\u00fc Mehmet Hanefi Topal\u2019a\u00a0<a rel=\"noreferrer noopener\" href=\"mailto:mtopal@klu.edu.tr\" target=\"_blank\">mtopal@klu.edu.tr<\/a>\u00a0adresi \u00fczerinden eri\u015febilirsiniz. Teknik konularda dergi y\u00f6neticisine\u00a0<a href=\"mailto:admin@trcjha.com\">admin@trcjha.com<\/a>\u00a0adresinden yazabilirsiniz.\u00a0<\/p>\n","protected":false},"excerpt":{"rendered":"<p>\u00d6zel Say\u0131Y\u0131k\u0131c\u0131 Do\u011fal Afetlere Kar\u015f\u0131 Topluluk Direnci \u00a0 \u00d6zel Say\u0131 Edit\u00f6r\u00fc Mehmet Hanefi Topal (Do\u00e7. Dr.)K\u0131rklareli \u00dcniversitesi Makale Son G\u00f6nderim Tarihi30 Ekim 2023 TRC Journal of Humanitarian Action&nbsp;olarak&nbsp;\u201cY\u0131k\u0131c\u0131 Do\u011fal Afetlere Kar\u015f\u0131 Topluluk Direnci\u201d&nbsp;ba\u015fl\u0131kl\u0131 \u00f6zel say\u0131m\u0131za makalelerinizi bekledi\u011fimizi duyurmaktan memnuniyet duyuyoruz. D\u00fcnya, do\u011fal afetler ile y\u00fczle\u015ftik\u00e7e diren\u00e7li topluluklar\u0131n nas\u0131l in\u015fa edilece\u011fi sorusu giderek daha da \u00f6nemli [&hellip;]<\/p>\n","protected":false},"author":1,"featured_media":0,"parent":0,"menu_order":0,"comment_status":"closed","ping_status":"closed","template":"","meta":{"_acf_changed":false,"footnotes":""},"class_list":["post-609","page","type-page","status-publish","hentry"],"acf":[],"_links":{"self":[{"href":"https:\/\/trcjha.com\/tr\/wp-json\/wp\/v2\/pages\/609","targetHints":{"allow":["GET"]}}],"collection":[{"href":"https:\/\/trcjha.com\/tr\/wp-json\/wp\/v2\/pages"}],"about":[{"href":"https:\/\/trcjha.com\/tr\/wp-json\/wp\/v2\/types\/page"}],"author":[{"embeddable":true,"href":"https:\/\/trcjha.com\/tr\/wp-json\/wp\/v2\/users\/1"}],"replies":[{"embeddable":true,"href":"https:\/\/trcjha.com\/tr\/wp-json\/wp\/v2\/comments?post=609"}],"version-history":[{"count":10,"href":"https:\/\/trcjha.com\/tr\/wp-json\/wp\/v2\/pages\/609\/revisions"}],"predecessor-version":[{"id":1046,"href":"https:\/\/trcjha.com\/tr\/wp-json\/wp\/v2\/pages\/609\/revisions\/1046"}],"wp:attachment":[{"href":"https:\/\/trcjha.com\/tr\/wp-json\/wp\/v2\/media?parent=609"}],"curies":[{"name":"wp","href":"https:\/\/api.w.org\/{rel}","templated":true}]}}