{"id":91,"date":"2020-11-17T18:28:21","date_gmt":"2020-11-17T15:28:21","guid":{"rendered":"https:\/\/trcjha.com\/?page_id=91"},"modified":"2021-04-09T17:58:36","modified_gmt":"2021-04-09T14:58:36","slug":"yazi-cagrisi","status":"publish","type":"page","link":"https:\/\/trcjha.com\/tr\/yazi-cagrisi\/","title":{"rendered":"Yaz\u0131 \u00c7a\u011fr\u0131s\u0131"},"content":{"rendered":"\n<p><em>TRC Journal of Humanitarian Action<\/em>; afet ve insanc\u0131l eylemler konular\u0131n\u0131 ele alan ara\u015ft\u0131rmalar\u0131 yay\u0131mlayan hakemli, akademik bir dergidir. Derginin amac\u0131, uluslararas\u0131 ve disiplinleraras\u0131 \u00f6zg\u00fcn, bilimsel \u00e7al\u0131\u015fmalar i\u00e7in mecra olmak; afet ve insanc\u0131l eylemler ile ilgili nitelikli tart\u0131\u015fmalar \u00fcretmek ve T\u00fcrkiye\u2019de bu konularla ilgili politikalar\u0131n \u015fekillenmesine katk\u0131 sa\u011flamakt\u0131r. Yay\u0131mlanacak \u00e7al\u0131\u015fmalar\u0131n teknik yetkinli\u011finin yan\u0131 s\u0131ra alandaki tart\u0131\u015fmalara da yeni ve \u00f6zg\u00fcn katk\u0131lar sa\u011flamas\u0131 beklenmektedir. B\u00f6ylelikle T\u00fcrkiye\u2019de afet ve insanc\u0131l eylemler alanlar\u0131nda \u00e7al\u0131\u015fma yapan ki\u015filerin ve\/ veya kurumlar\u0131n yararlanaca\u011f\u0131 bir birikimin olu\u015fmas\u0131na katk\u0131 sa\u011flamak hedeflenmektedir.<\/p>\n\n\n\n<p>Disiplinleraras\u0131 bir dergi olan&nbsp;<em><em>TRC Journal of Humanitarian Action<\/em><\/em>; afet ve insanc\u0131l eylemler ile ili\u015fkili olmak kayd\u0131yla farkl\u0131 disiplinlerden gelen ba\u015fvurular\u0131 de\u011ferlendirmeye almaktad\u0131r. \u00c7ok disiplinli yakla\u015f\u0131m\u0131yla dergi; ampirik ara\u015ft\u0131rmalar\u0131, de\u011ferlendirmeleri, edit\u00f6ryal notlar\u0131, vaka analizlerini ve tarih\u00ee belgeleri uluslararas\u0131 perspektifle yay\u0131mlamaktad\u0131r.<\/p>\n\n\n\n<p><em><em><em>TRC Journal of Humanitarian Action<\/em><\/em><\/em>\u2019da yay\u0131mlanmak \u00fczere yaz\u0131 g\u00f6ndermeyi d\u00fc\u015f\u00fcnen ara\u015ft\u0131rmac\u0131lar\u0131n ve akademisyenlerin sorular\u0131na en k\u0131sa s\u00fcrede cevap alabilmeleri i\u00e7in\u00a0<a href=\"mailto:editor@trcjha.com\">editor@trcjha.com<\/a>\u00a0veya\u00a0<a rel=\"noreferrer noopener\" href=\"mailto:admin@trcjha.com\" target=\"_blank\">admin@trcjha.com<\/a>\u00a0adresine elektronik posta g\u00f6nderebilirler.\u00a0<\/p>\n\n\n\n<p>Dergi hakk\u0131nda ayr\u0131nt\u0131l\u0131 bilgi i\u00e7in&nbsp;<a rel=\"noreferrer noopener\" href=\"https:\/\/trcjha.com\/\" target=\"_blank\">https:\/\/trcjha.com\/tr\/<\/a>&nbsp;adresi ziyaret edilebilir.<\/p>\n","protected":false},"excerpt":{"rendered":"<p>TRC Journal of Humanitarian Action; afet ve insanc\u0131l eylemler konular\u0131n\u0131 ele alan ara\u015ft\u0131rmalar\u0131 yay\u0131mlayan hakemli, akademik bir dergidir. Derginin amac\u0131, uluslararas\u0131 ve disiplinleraras\u0131 \u00f6zg\u00fcn, bilimsel \u00e7al\u0131\u015fmalar i\u00e7in mecra olmak; afet ve insanc\u0131l eylemler ile ilgili nitelikli tart\u0131\u015fmalar \u00fcretmek ve T\u00fcrkiye\u2019de bu konularla ilgili politikalar\u0131n \u015fekillenmesine katk\u0131 sa\u011flamakt\u0131r. Yay\u0131mlanacak \u00e7al\u0131\u015fmalar\u0131n teknik yetkinli\u011finin yan\u0131 s\u0131ra alandaki tart\u0131\u015fmalara [&hellip;]<\/p>\n","protected":false},"author":1,"featured_media":0,"parent":0,"menu_order":0,"comment_status":"closed","ping_status":"closed","template":"","meta":{"_acf_changed":false,"footnotes":""},"class_list":["post-91","page","type-page","status-publish","hentry"],"acf":[],"_links":{"self":[{"href":"https:\/\/trcjha.com\/tr\/wp-json\/wp\/v2\/pages\/91","targetHints":{"allow":["GET"]}}],"collection":[{"href":"https:\/\/trcjha.com\/tr\/wp-json\/wp\/v2\/pages"}],"about":[{"href":"https:\/\/trcjha.com\/tr\/wp-json\/wp\/v2\/types\/page"}],"author":[{"embeddable":true,"href":"https:\/\/trcjha.com\/tr\/wp-json\/wp\/v2\/users\/1"}],"replies":[{"embeddable":true,"href":"https:\/\/trcjha.com\/tr\/wp-json\/wp\/v2\/comments?post=91"}],"version-history":[{"count":9,"href":"https:\/\/trcjha.com\/tr\/wp-json\/wp\/v2\/pages\/91\/revisions"}],"predecessor-version":[{"id":656,"href":"https:\/\/trcjha.com\/tr\/wp-json\/wp\/v2\/pages\/91\/revisions\/656"}],"wp:attachment":[{"href":"https:\/\/trcjha.com\/tr\/wp-json\/wp\/v2\/media?parent=91"}],"curies":[{"name":"wp","href":"https:\/\/api.w.org\/{rel}","templated":true}]}}