{"id":95,"date":"2020-11-17T18:29:59","date_gmt":"2020-11-17T15:29:59","guid":{"rendered":"https:\/\/trcjha.com\/?page_id=95"},"modified":"2023-06-24T15:29:18","modified_gmt":"2023-06-24T12:29:18","slug":"editorler","status":"publish","type":"page","link":"https:\/\/trcjha.com\/tr\/editorler\/","title":{"rendered":"Edit\u00f6rler"},"content":{"rendered":"\n<p><strong>Ba\u015f Edit\u00f6rler<\/strong><br>Halil Ek\u015fi (Prof. Dr.), Marmara \u00dcniversitesi, \u0130stanbul, T\u00fcrkiye (<a rel=\"noreferrer noopener\" href=\"mailto:editor@trcjha.com\" target=\"_blank\">editor@trcjha.com<\/a>)<br>\u0130brahim Altan (Dr.), T\u00fcrkiye K\u0131z\u0131lay Derne\u011fi, Ankara, T\u00fcrkiye (<a rel=\"noreferrer noopener\" href=\"mailto:editor@trcjha.com\" target=\"_blank\">editor@trcjha.com<\/a>)<\/p>\n\n\n\n<p><strong>Yard\u0131mc\u0131 Edit\u00f6r<\/strong><br>Adem Ba\u015fp\u0131nar (Dr. \u00d6\u011fr. \u00dcyesi), K\u0131rklareli \u00dcniversitesi, K\u0131rklareli, T\u00fcrkiye (<a rel=\"noreferrer noopener\" href=\"mailto:admin@trcjha.com\" target=\"_blank\" data-type=\"mailto\" data-id=\"mailto:admin@trcjha.com\"><\/a><a rel=\"noreferrer noopener\" href=\"mailto:admin@trcjha.com\" target=\"_blank\">abaspinar@<\/a><a href=\"mailto:abaspinar@klu.edu.tr\" data-type=\"mailto\" target=\"_blank\" rel=\"noreferrer noopener\">klu.edu.tr<\/a>)<\/p>\n\n\n\n<p><strong>Y\u00f6netici Edit\u00f6r<\/strong><br>Selman Salim Kesgin (Dr.), T\u00fcrkiye K\u0131z\u0131lay Derne\u011fi, Ankara, T\u00fcrkiye (<a rel=\"noreferrer noopener\" href=\"mailto:selman.kesgin@kizilay.org.tr\" target=\"_blank\">selman.kesgin@kizilay.org.tr<\/a>)<\/p>\n\n\n\n<p><strong>\u0130statistik Edit\u00f6rleri<\/strong><br>Raif Cergibozan (Do\u00e7. Dr.), K\u0131rklareli \u00dcniversitesi, T\u00fcrkiye (<a rel=\"noreferrer noopener\" href=\"mailto:rcergibozan@hotmail.com\" target=\"_blank\">rcergibozan@hotmail.com<\/a>)<br>Mustafa Otrar (Do\u00e7. Dr.), Milli E\u011fitim Bakanl\u0131\u011f\u0131, Talim ve Terbiye Kurulu, T\u00fcrkiye (<a rel=\"noreferrer noopener\" href=\"mailto:motrar@marmara.edu.tr\" target=\"_blank\">motrar@marmara.edu.tr<\/a>)<\/p>\n\n\n\n<p><strong>Edit\u00f6r Yard\u0131mc\u0131lar\u0131<\/strong><br>Umut \u00dcren (Dr. \u00d6\u011fr. \u00dcyesi), K\u0131rklareli \u00dcniversitesi, T\u00fcrkiye (<a rel=\"noreferrer noopener\" href=\"mailto:umuturen@klu.edu.tr\" target=\"_blank\">umuturen@klu.edu.tr<\/a>)<br>Merve G\u00fcnt\u00fcrk\u00fcn, K\u0131rklareli \u00dcniversitesi, T\u00fcrkiye  (<a rel=\"noreferrer noopener\" href=\"mailto:admin@trcjm.com\" target=\"_blank\">admin@trcjha.com<\/a>)<\/p>\n\n\n\n<p><strong>Uluslararas\u0131 Edit\u00f6rler<\/strong><\/p>\n\n\n\n<p>Ahmet Kuya\u015f (Do\u00e7. Dr., Galatasaray \u00dcniversitesi, Siyaset Bilimi B\u00f6l\u00fcm\u00fc, \u0130stanbul, T\u00fcrkiye)<br>Elena Fiddian-Qasmiyeh&nbsp;(Prof.,&nbsp;Director of the Refuge in a Moving World network and Co-Director of the UCL-Migration Research Unit,&nbsp;University College London, UK)<br>Hatice Karahan (Prof. Dr., Medipol \u00dcniversitesi, Ekonomi ve Finans B\u00f6l\u00fcm\u00fc, \u0130stanbul, T\u00fcrkiye)<br>Maarten van Aalst (PhD), Red Cross Red Crescent Climate Centre, The Hague, Netherlands<br>Mehmet Tanya\u015f (Prof. Dr., Maltepe \u00dcniversitesi, Uluslararas\u0131 Ticaret ve Lojistik&nbsp;Y\u00f6netimi Anabilim Dal\u0131, \u0130stanbul, T\u00fcrkiye)<br>Mikdat Kad\u0131o\u011flu (Prof. Dr., \u0130stanbul Teknik \u00dcniversitesi, Meteoroloji M\u00fchendisli\u011fi B\u00f6l\u00fcm\u00fc, \u0130stanbul, T\u00fcrkiye)<br>Mukesh Kapila (Prof., Emeritus, Global Health &amp; Humanitarian Affairs, University of Manchester, Manchester, UK)&nbsp;<br>Murat \u00c7emrek (Prof. Dr., Necmettin Erbakan \u00dcniversitesi, Siyaset Bilimi ve Uluslararas\u0131 \u0130li\u015fkiler B\u00f6l\u00fcm\u00fc, Konya, T\u00fcrkiye)<br>Nehir Varol (Dr. \u00d6\u011fr. \u00dcyesi, Ankara \u00dcniversitesi, T\u00d6MER, Ankara, T\u00fcrkiye)<br>Rajib Shaw (Prof., Graduate School of Media and Governance, Keio University, Kanagawa, Japan)<br>Sultan Barakat (Prof., Department of Politics, University of York, York, UK)&nbsp;<\/p>\n","protected":false},"excerpt":{"rendered":"<p>Ba\u015f Edit\u00f6rlerHalil Ek\u015fi (Prof. Dr.), Marmara \u00dcniversitesi, \u0130stanbul, T\u00fcrkiye (editor@trcjha.com)\u0130brahim Altan (Dr.), T\u00fcrkiye K\u0131z\u0131lay Derne\u011fi, Ankara, T\u00fcrkiye (editor@trcjha.com) Yard\u0131mc\u0131 Edit\u00f6rAdem Ba\u015fp\u0131nar (Dr. \u00d6\u011fr. \u00dcyesi), K\u0131rklareli \u00dcniversitesi, K\u0131rklareli, T\u00fcrkiye (abaspinar@klu.edu.tr) Y\u00f6netici Edit\u00f6rSelman Salim Kesgin (Dr.), T\u00fcrkiye K\u0131z\u0131lay Derne\u011fi, Ankara, T\u00fcrkiye (selman.kesgin@kizilay.org.tr) \u0130statistik Edit\u00f6rleriRaif Cergibozan (Do\u00e7. Dr.), K\u0131rklareli \u00dcniversitesi, T\u00fcrkiye (rcergibozan@hotmail.com)Mustafa Otrar (Do\u00e7. Dr.), Milli E\u011fitim Bakanl\u0131\u011f\u0131, [&hellip;]<\/p>\n","protected":false},"author":1,"featured_media":0,"parent":0,"menu_order":0,"comment_status":"closed","ping_status":"closed","template":"","meta":{"_acf_changed":false,"footnotes":""},"class_list":["post-95","page","type-page","status-publish","hentry"],"acf":[],"_links":{"self":[{"href":"https:\/\/trcjha.com\/tr\/wp-json\/wp\/v2\/pages\/95","targetHints":{"allow":["GET"]}}],"collection":[{"href":"https:\/\/trcjha.com\/tr\/wp-json\/wp\/v2\/pages"}],"about":[{"href":"https:\/\/trcjha.com\/tr\/wp-json\/wp\/v2\/types\/page"}],"author":[{"embeddable":true,"href":"https:\/\/trcjha.com\/tr\/wp-json\/wp\/v2\/users\/1"}],"replies":[{"embeddable":true,"href":"https:\/\/trcjha.com\/tr\/wp-json\/wp\/v2\/comments?post=95"}],"version-history":[{"count":17,"href":"https:\/\/trcjha.com\/tr\/wp-json\/wp\/v2\/pages\/95\/revisions"}],"predecessor-version":[{"id":1089,"href":"https:\/\/trcjha.com\/tr\/wp-json\/wp\/v2\/pages\/95\/revisions\/1089"}],"wp:attachment":[{"href":"https:\/\/trcjha.com\/tr\/wp-json\/wp\/v2\/media?parent=95"}],"curies":[{"name":"wp","href":"https:\/\/api.w.org\/{rel}","templated":true}]}}