{"id":97,"date":"2020-11-17T18:30:39","date_gmt":"2020-11-17T15:30:39","guid":{"rendered":"https:\/\/trcjha.com\/?page_id=97"},"modified":"2020-11-24T18:01:25","modified_gmt":"2020-11-24T15:01:25","slug":"yazim-kurallari","status":"publish","type":"page","link":"https:\/\/trcjha.com\/tr\/yazim-kurallari\/","title":{"rendered":"Yaz\u0131m Kurallar\u0131"},"content":{"rendered":"\n<ul class=\"wp-block-list\"><li><a href=\"https:\/\/trcjha.com\/wp-content\/uploads\/2020\/11\/01_genel_bicim_ozellikleri.pdf\" target=\"_blank\" rel=\"noreferrer noopener\">Genel Bi\u00e7im \u00d6zellikleri (PDF)<\/a><\/li><li><a rel=\"noreferrer noopener\" href=\"https:\/\/trcjha.com\/wp-content\/uploads\/2020\/11\/02_temel_atif_bicimleri_ve_kaynakca_ogeleri.pdf\" target=\"_blank\">Temel At\u0131f Bi\u00e7imleri ve Temel Kaynak\u00e7a \u00d6geleri (PDF)<\/a><\/li><li><a rel=\"noreferrer noopener\" href=\"https:\/\/trcjha.com\/wp-content\/uploads\/2020\/11\/03_baslik_sayfasi.pdf\" target=\"_blank\">Ba\u015fl\u0131k Sayfas\u0131 \u00d6rne\u011fi (PDF)<\/a><\/li><li><a rel=\"noreferrer noopener\" href=\"https:\/\/trcjha.com\/wp-content\/uploads\/2020\/11\/04_ana_metin.pdf\" target=\"_blank\">Ana Ba\u015fvuru Metni \u00d6rne\u011fi (PDF)<\/a><\/li><\/ul>\n\n\n\n<p><\/p>\n","protected":false},"excerpt":{"rendered":"<p>Genel Bi\u00e7im \u00d6zellikleri (PDF) Temel At\u0131f Bi\u00e7imleri ve Temel Kaynak\u00e7a \u00d6geleri (PDF) Ba\u015fl\u0131k Sayfas\u0131 \u00d6rne\u011fi (PDF) Ana Ba\u015fvuru Metni \u00d6rne\u011fi (PDF)<\/p>\n","protected":false},"author":1,"featured_media":0,"parent":0,"menu_order":0,"comment_status":"closed","ping_status":"closed","template":"","meta":{"_acf_changed":false,"footnotes":""},"class_list":["post-97","page","type-page","status-publish","hentry"],"acf":[],"_links":{"self":[{"href":"https:\/\/trcjha.com\/tr\/wp-json\/wp\/v2\/pages\/97","targetHints":{"allow":["GET"]}}],"collection":[{"href":"https:\/\/trcjha.com\/tr\/wp-json\/wp\/v2\/pages"}],"about":[{"href":"https:\/\/trcjha.com\/tr\/wp-json\/wp\/v2\/types\/page"}],"author":[{"embeddable":true,"href":"https:\/\/trcjha.com\/tr\/wp-json\/wp\/v2\/users\/1"}],"replies":[{"embeddable":true,"href":"https:\/\/trcjha.com\/tr\/wp-json\/wp\/v2\/comments?post=97"}],"version-history":[{"count":0,"href":"https:\/\/trcjha.com\/tr\/wp-json\/wp\/v2\/pages\/97\/revisions"}],"wp:attachment":[{"href":"https:\/\/trcjha.com\/tr\/wp-json\/wp\/v2\/media?parent=97"}],"curies":[{"name":"wp","href":"https:\/\/api.w.org\/{rel}","templated":true}]}}