{"id":99,"date":"2020-11-17T18:32:11","date_gmt":"2020-11-17T15:32:11","guid":{"rendered":"https:\/\/trcjha.com\/?page_id=99"},"modified":"2025-10-28T16:50:34","modified_gmt":"2025-10-28T13:50:34","slug":"anasayfa","status":"publish","type":"page","link":"https:\/\/trcjha.com\/tr\/","title":{"rendered":"Anasayfa"},"content":{"rendered":"\n<p><strong>TRC Journal of Humanitarian Action;<\/strong> ba\u011f\u0131ms\u0131z, tarafs\u0131z ve k\u00f6r hakemlik ilkelerine uygun olarak yay\u0131mlanan uluslararas\u0131, bilimsel, matbu ve a\u00e7\u0131k eri\u015fimli bir dergidir. Dergi, T\u00fcrk K\u0131z\u0131lay\u2019\u0131n\u0131n resm\u00ee yay\u0131m\u0131 olup y\u0131lda iki kez Nisan ve Ekim aylar\u0131nda yay\u0131mlanmaktad\u0131r. Derginin yay\u0131m dili \u0130ngilizcedir. Bununla birlikte yay\u0131mlanan her bir yaz\u0131n\u0131n T\u00fcrk\u00e7e geni\u015f \u00f6zeti, dergi taraf\u0131ndan haz\u0131rlan\u0131r web sitesinden payla\u015f\u0131l\u0131r.<\/p>\n\n\n\n<p>Derginin temel amac\u0131 <strong>afet ve insanc\u0131l eylemler alanlar\u0131nda<\/strong> nitelikli yay\u0131mlar \u00fcreterek bilimsel bir forum olu\u015fturmak; b\u00f6ylece ilgili alanyaz\u0131na katk\u0131da bulunmakt\u0131r. Dergi ayr\u0131ca, en g\u00fcncel ve \u00f6zg\u00fcn \u00e7al\u0131\u015fmalar\u0131 yay\u0131mlayarak s\u00f6z konusu alanlarda ulusal ve uluslararas\u0131 politikalar\u0131n \u015fekillenmesine katk\u0131da bulunmay\u0131 ama\u00e7lamaktad\u0131r.<\/p>\n\n\n\n<p>Hem disiplinleraras\u0131 hem de \u00e7okdisiplinli bir dergi olan <strong>TRC Journal of Humanitarian Action;<\/strong> kapsam\u0131yla ili\u015fkili olmak kayd\u0131yla t\u00fcm disiplinlerden gelen ba\u015fvurular\u0131 de\u011ferlendirmeye al\u0131r. Bu yakla\u015f\u0131m\u0131yla Dergi; ampirik ara\u015ft\u0131rmalar\u0131, de\u011ferlendirmeleri, edit\u00f6ryal notlar\u0131, vaka analizlerini ve tarihi belgeleri yay\u0131mlar.<\/p>\n","protected":false},"excerpt":{"rendered":"<p>TRC Journal of Humanitarian Action; ba\u011f\u0131ms\u0131z, tarafs\u0131z ve k\u00f6r hakemlik ilkelerine uygun olarak yay\u0131mlanan uluslararas\u0131, bilimsel, matbu ve a\u00e7\u0131k eri\u015fimli bir dergidir. Dergi, T\u00fcrk K\u0131z\u0131lay\u2019\u0131n\u0131n resm\u00ee yay\u0131m\u0131 olup y\u0131lda iki kez Nisan ve Ekim aylar\u0131nda yay\u0131mlanmaktad\u0131r. Derginin yay\u0131m dili \u0130ngilizcedir. Bununla birlikte yay\u0131mlanan her bir yaz\u0131n\u0131n T\u00fcrk\u00e7e geni\u015f \u00f6zeti, dergi taraf\u0131ndan haz\u0131rlan\u0131r web sitesinden payla\u015f\u0131l\u0131r. [&hellip;]<\/p>\n","protected":false},"author":1,"featured_media":0,"parent":0,"menu_order":0,"comment_status":"closed","ping_status":"closed","template":"page-home.php","meta":{"_acf_changed":false,"footnotes":""},"class_list":["post-99","page","type-page","status-publish","hentry"],"acf":[],"_links":{"self":[{"href":"https:\/\/trcjha.com\/tr\/wp-json\/wp\/v2\/pages\/99","targetHints":{"allow":["GET"]}}],"collection":[{"href":"https:\/\/trcjha.com\/tr\/wp-json\/wp\/v2\/pages"}],"about":[{"href":"https:\/\/trcjha.com\/tr\/wp-json\/wp\/v2\/types\/page"}],"author":[{"embeddable":true,"href":"https:\/\/trcjha.com\/tr\/wp-json\/wp\/v2\/users\/1"}],"replies":[{"embeddable":true,"href":"https:\/\/trcjha.com\/tr\/wp-json\/wp\/v2\/comments?post=99"}],"version-history":[{"count":17,"href":"https:\/\/trcjha.com\/tr\/wp-json\/wp\/v2\/pages\/99\/revisions"}],"predecessor-version":[{"id":1682,"href":"https:\/\/trcjha.com\/tr\/wp-json\/wp\/v2\/pages\/99\/revisions\/1682"}],"wp:attachment":[{"href":"https:\/\/trcjha.com\/tr\/wp-json\/wp\/v2\/media?parent=99"}],"curies":[{"name":"wp","href":"https:\/\/api.w.org\/{rel}","templated":true}]}}